{"id":125,"date":"2025-01-17T16:03:41","date_gmt":"2025-01-17T16:03:41","guid":{"rendered":"https:\/\/staging.restauraceujakuba.cz\/?page_id=125"},"modified":"2025-05-14T12:51:42","modified_gmt":"2025-05-14T12:51:42","slug":"rozvoz","status":"publish","type":"page","link":"https:\/\/restauraceujakuba.cz\/?page_id=125","title":{"rendered":"Rozvoz"},"content":{"rendered":"\t\t<div data-elementor-type=\"wp-post\" data-elementor-id=\"125\" class=\"elementor elementor-125\" data-elementor-post-type=\"page\">\n\t\t\t\t<div class=\"elementor-element elementor-element-58079890 e-con-full e-flex e-con e-parent\" data-id=\"58079890\" data-element_type=\"container\" data-settings=\"{&quot;background_background&quot;:&quot;classic&quot;}\">\n\t\t<div class=\"elementor-element elementor-element-3b763bfe e-con-full e-flex e-con e-child\" data-id=\"3b763bfe\" data-element_type=\"container\">\n\t\t\t\t<div class=\"elementor-element elementor-element-5c195e64 elementor-widget__width-inherit elementor-widget-divider--view-line elementor-invisible elementor-widget elementor-widget-divider\" data-id=\"5c195e64\" data-element_type=\"widget\" data-settings=\"{&quot;_animation&quot;:&quot;fadeInLeft&quot;}\" data-widget_type=\"divider.default\">\n\t\t\t\t<div class=\"elementor-widget-container\">\n\t\t\t\t\t\t\t<div class=\"elementor-divider\">\n\t\t\t<span class=\"elementor-divider-separator\">\n\t\t\t\t\t\t<\/span>\n\t\t<\/div>\n\t\t\t\t\t\t<\/div>\n\t\t\t\t<\/div>\n\t\t\t\t<div class=\"elementor-element elementor-element-15727a10 elementor-widget__width-initial elementor-widget-tablet__width-inherit elementor-widget elementor-widget-heading\" data-id=\"15727a10\" data-element_type=\"widget\" data-widget_type=\"heading.default\">\n\t\t\t\t<div class=\"elementor-widget-container\">\n\t\t\t\t\t<h2 class=\"elementor-heading-title elementor-size-default\">Rozvoz<\/h2>\t\t\t\t<\/div>\n\t\t\t\t<\/div>\n\t\t\t\t<div class=\"elementor-element elementor-element-a7a35cd elementor-widget elementor-widget-html\" data-id=\"a7a35cd\" data-element_type=\"widget\" data-widget_type=\"html.default\">\n\t\t\t\t<div class=\"elementor-widget-container\">\n\t\t\t\t\t<style>\n    .entry-title {\n        display: none !important;\n    }\n<\/style>\t\t\t\t<\/div>\n\t\t\t\t<\/div>\n\t\t\t\t<div class=\"elementor-element elementor-element-55664d82 elementor-widget__width-initial elementor-widget-tablet__width-inherit elementor-widget elementor-widget-text-editor\" data-id=\"55664d82\" data-element_type=\"widget\" data-widget_type=\"text-editor.default\">\n\t\t\t\t<div class=\"elementor-widget-container\">\n\t\t\t\t\t\t\t\t\t<p>A\u0165 u\u017e v\u00e1m okolnosti neumo\u017e\u0148uj\u00ed n\u00e1s nav\u0161t\u00edvit osobn\u011b nebo pot\u0159ebujete zajistit ob\u010derstven\u00ed pro obchodn\u00ed partnery (nebo se v\u00e1m prost\u011b jen nechce va\u0159it) r\u00e1di v\u00e1m dovezeme vybran\u00e9 j\u00eddlo a\u017e dom\u016f nebo do firmy po cel\u00fd t\u00fdden v dob\u011b od 11:00 do 20:00<\/p>\t\t\t\t\t\t\t\t<\/div>\n\t\t\t\t<\/div>\n\t\t\t\t<\/div>\n\t\t\t\t<div class=\"elementor-element elementor-element-4d4873b elementor-widget__width-inherit elementor-hidden-mobile elementor-invisible elementor-widget elementor-widget-image\" data-id=\"4d4873b\" data-element_type=\"widget\" data-settings=\"{&quot;_animation&quot;:&quot;fadeInUp&quot;}\" data-widget_type=\"image.default\">\n\t\t\t\t<div class=\"elementor-widget-container\">\n\t\t\t\t\t\t\t\t\t\t\t\t\t\t\t<img fetchpriority=\"high\" decoding=\"async\" width=\"2560\" height=\"1707\" src=\"https:\/\/restauraceujakuba.cz\/wp-content\/uploads\/2025\/01\/restaurant-1284351-scaled.jpg\" class=\"attachment-full size-full wp-image-208\" alt=\"\" srcset=\"https:\/\/restauraceujakuba.cz\/wp-content\/uploads\/2025\/01\/restaurant-1284351-scaled.jpg 2560w, https:\/\/restauraceujakuba.cz\/wp-content\/uploads\/2025\/01\/restaurant-1284351-300x200.jpg 300w, https:\/\/restauraceujakuba.cz\/wp-content\/uploads\/2025\/01\/restaurant-1284351-1024x683.jpg 1024w, https:\/\/restauraceujakuba.cz\/wp-content\/uploads\/2025\/01\/restaurant-1284351-768x512.jpg 768w, https:\/\/restauraceujakuba.cz\/wp-content\/uploads\/2025\/01\/restaurant-1284351-1536x1024.jpg 1536w, https:\/\/restauraceujakuba.cz\/wp-content\/uploads\/2025\/01\/restaurant-1284351-2048x1365.jpg 2048w\" sizes=\"(max-width: 2560px) 100vw, 2560px\" \/>\t\t\t\t\t\t\t\t\t\t\t\t\t\t\t<\/div>\n\t\t\t\t<\/div>\n\t\t\t\t<\/div>\n\t\t<div class=\"elementor-element elementor-element-3c269e8 e-con-full e-flex e-con e-parent\" data-id=\"3c269e8\" data-element_type=\"container\" data-settings=\"{&quot;background_background&quot;:&quot;classic&quot;}\">\n\t\t<div class=\"elementor-element elementor-element-3fd1cd5d e-flex e-con-boxed e-con e-child\" data-id=\"3fd1cd5d\" data-element_type=\"container\">\n\t\t\t\t\t<div class=\"e-con-inner\">\n\t\t\t\t<div class=\"elementor-element elementor-element-46c16376 elementor-widget elementor-widget-heading\" data-id=\"46c16376\" data-element_type=\"widget\" data-widget_type=\"heading.default\">\n\t\t\t\t<div class=\"elementor-widget-container\">\n\t\t\t\t\t<h2 class=\"elementor-heading-title elementor-size-default\">Podm\u00ednky rozvozu<\/h2>\t\t\t\t<\/div>\n\t\t\t\t<\/div>\n\t\t\t\t<div class=\"elementor-element elementor-element-ae44a18 elementor-widget elementor-widget-text-editor\" data-id=\"ae44a18\" data-element_type=\"widget\" data-widget_type=\"text-editor.default\">\n\t\t\t\t<div class=\"elementor-widget-container\">\n\t\t\t\t\t\t\t\t\t<div class=\"elementor-element elementor-element-3dbc786 elementor-widget elementor-widget-text-editor\" data-id=\"3dbc786\" data-element_type=\"widget\" data-widget_type=\"text-editor.default\"><div class=\"elementor-widget-container\"><div class=\"elementor-element elementor-element-3dbc786 elementor-widget elementor-widget-text-editor\" data-id=\"3dbc786\" data-element_type=\"widget\" data-widget_type=\"text-editor.default\"><div class=\"elementor-widget-container\"><p>J\u00eddlo objedn\u00e1vejte telefonicky na \u010d\u00edslech\u00a0<br \/><strong>+ 420 313 105 355<\/strong>,\u00a0<br \/><strong>+ 420 721 943 535<\/strong><strong> <br \/><\/strong>od 10:00 do 19:30.<\/p><p>Do Nu\u010dic, Dob\u0159\u00ed\u010de, Tachlovic, Mezoun\u011b a Rudn\u00e9 V\u00e1m dovezeme j\u00eddlo ZDARMA. Minim\u00e1ln\u00ed objedn\u00e1vka pro rozvoz je 100 K\u010d.<\/p><p>Do Chr\u00e1\u0161\u0165an, Vysok\u00e9ho \u00dajezdu, Drahel\u010dic, Jino\u010dan, Ch\u00fdnice a Zbuzan je t\u0159eba objednat nad 250K\u010d, jinak \u00fa\u010dtujeme p\u0159\u00edplatek 50,- K\u010d.<\/p><p>Jin\u00e9 oblasti rozv\u00e1\u017e\u00edme po telefonick\u00e9 domluv\u011b.<\/p><p>P\u0159\u00edj\u00edm\u00e1me stravenky Sodexho pass, Cheque D\u00e9jeuner, Ticket Restaurant.<\/p><p>P\u0159i rozvozu lze platit kartou, je v\u0161ak nutn\u00e9 to sd\u011blit p\u0159i objedn\u00e1vce.<\/p><\/div><\/div><\/div><\/div>\t\t\t\t\t\t\t\t<\/div>\n\t\t\t\t<\/div>\n\t\t\t\t\t<\/div>\n\t\t\t\t<\/div>\n\t\t\t\t<\/div>\n\t\t<div class=\"elementor-element elementor-element-70aa66d4 e-flex e-con-boxed e-con e-parent\" data-id=\"70aa66d4\" data-element_type=\"container\" data-settings=\"{&quot;background_background&quot;:&quot;classic&quot;}\">\n\t\t\t\t\t<div class=\"e-con-inner\">\n\t\t<div class=\"elementor-element elementor-element-17393451 e-con-full e-flex e-con e-child\" data-id=\"17393451\" data-element_type=\"container\">\n\t\t\t\t<div class=\"elementor-element elementor-element-38cbf521 animated-slow elementor-invisible elementor-widget elementor-widget-heading\" data-id=\"38cbf521\" data-element_type=\"widget\" data-settings=\"{&quot;_animation&quot;:&quot;slideInUp&quot;}\" data-widget_type=\"heading.default\">\n\t\t\t\t<div class=\"elementor-widget-container\">\n\t\t\t\t\t<h2 class=\"elementor-heading-title elementor-size-default\">Kdy mi objedn\u00e1vku dovezou?<\/h2>\t\t\t\t<\/div>\n\t\t\t\t<\/div>\n\t\t\t\t<div class=\"elementor-element elementor-element-79fa0e8 elementor-widget elementor-widget-text-editor\" data-id=\"79fa0e8\" data-element_type=\"widget\" data-widget_type=\"text-editor.default\">\n\t\t\t\t<div class=\"elementor-widget-container\">\n\t\t\t\t\t\t\t\t\tNa\u0161\u00edm c\u00edlem je dopravit Va\u0161i objedn\u00e1vku v co nejkrat\u0161\u00edm \u010dase. \u010cekac\u00ed doba by nem\u011bla p\u0159es\u00e1hnout 60 min. P\u0159i pl\u00e1novan\u00fdch akc\u00edch doporu\u010dujeme objedn\u00e1vat s p\u0159edstihem, kdy je mo\u017en\u00e9 zajistit, \u017ee va\u0161e objedn\u00e1vka dojde v \u010dase, kter\u00fd si sami ur\u010d\u00edte.\t\t\t\t\t\t\t\t<\/div>\n\t\t\t\t<\/div>\n\t\t\t\t<\/div>\n\t\t\t\t\t<\/div>\n\t\t\t\t<\/div>\n\t\t<div class=\"elementor-element elementor-element-2b8701e4 e-flex e-con-boxed e-con e-parent\" data-id=\"2b8701e4\" data-element_type=\"container\" data-settings=\"{&quot;background_background&quot;:&quot;classic&quot;}\">\n\t\t\t\t\t<div class=\"e-con-inner\">\n\t\t<div class=\"elementor-element elementor-element-24234f73 e-con-full e-flex e-con e-child\" data-id=\"24234f73\" data-element_type=\"container\">\n\t\t\t\t<div class=\"elementor-element elementor-element-6399615 elementor-widget__width-initial elementor-widget elementor-widget-google_maps\" data-id=\"6399615\" data-element_type=\"widget\" data-widget_type=\"google_maps.default\">\n\t\t\t\t<div class=\"elementor-widget-container\">\n\t\t\t\t\t\t\t<div class=\"elementor-custom-embed\">\n\t\t\t<iframe loading=\"lazy\"\n\t\t\t\t\tsrc=\"https:\/\/maps.google.com\/maps?q=Pra%C5%BEsk%C3%A1%2056%2C%20252%2016%20Nu%C4%8Dice%2C%20%C4%8Cesko&#038;t=m&#038;z=14&#038;output=embed&#038;iwloc=near\"\n\t\t\t\t\ttitle=\"Pra\u017esk\u00e1 56, 252 16 Nu\u010dice, \u010cesko\"\n\t\t\t\t\taria-label=\"Pra\u017esk\u00e1 56, 252 16 Nu\u010dice, \u010cesko\"\n\t\t\t><\/iframe>\n\t\t<\/div>\n\t\t\t\t\t\t<\/div>\n\t\t\t\t<\/div>\n\t\t\t\t<\/div>\n\t\t<div class=\"elementor-element elementor-element-4e6671b e-con-full e-flex e-con e-child\" data-id=\"4e6671b\" data-element_type=\"container\">\n\t\t\t\t<div class=\"elementor-element elementor-element-7a10db77 elementor-cta--layout-image-right elementor-cta--valign-middle elementor-cta--mobile-layout-image-above elementor-cta--skin-classic elementor-animated-content elementor-widget elementor-widget-call-to-action\" data-id=\"7a10db77\" data-element_type=\"widget\" data-widget_type=\"call-to-action.default\">\n\t\t\t\t<div class=\"elementor-widget-container\">\n\t\t\t\t\t\t\t<div class=\"elementor-cta\">\n\t\t\t\t\t\t\t<div class=\"elementor-cta__content\">\n\t\t\t\t\n\t\t\t\t\t\t\t\t\t<h2 class=\"elementor-cta__title elementor-cta__content-item elementor-content-item\">\n\t\t\t\t\t\tKde n\u00e1s najdete?\t\t\t\t\t<\/h2>\n\t\t\t\t\n\t\t\t\t\t\t\t\t\t<div class=\"elementor-cta__description elementor-cta__content-item elementor-content-item\">\n\t\t\t\t\t\tPro vytvo\u0159en\u00ed rezervace vyu\u017eijte n\u00e1\u0161 formul\u00e1\u0159. <br>V p\u0159\u00edpad\u011b, \u017ee rezervaci chcete vytvo\u0159it v dan\u00fd den, kontaktujte n\u00e1s na telefonn\u00edm \u010d\u00edsle:<br><br>\n\n+420 721 943 535<br>\n+420 313 105 355<br><br>\n\nVolejte pouze v pracovn\u00ed dobu.\t\t\t\t\t<\/div>\n\t\t\t\t\n\t\t\t\t\t\t\t\t\t<div class=\"elementor-cta__button-wrapper elementor-cta__content-item elementor-content-item \">\n\t\t\t\t\t<a class=\"elementor-cta__button elementor-button elementor-size-md\" href=\"https:\/\/restauraceujakuba.cz\/?page_id=132#rezervace\">\n\t\t\t\t\t\tREZERVOVAT ST\u016eL\t\t\t\t\t<\/a>\n\t\t\t\t\t<\/div>\n\t\t\t\t\t\t\t<\/div>\n\t\t\t\t\t\t<\/div>\n\t\t\t\t\t\t<\/div>\n\t\t\t\t<\/div>\n\t\t\t\t<\/div>\n\t\t\t\t\t<\/div>\n\t\t\t\t<\/div>\n\t\t<div class=\"elementor-element elementor-element-71ae9cd1 e-con-full elementor-hidden-desktop elementor-hidden-tablet elementor-hidden-mobile e-flex e-con e-parent\" data-id=\"71ae9cd1\" data-element_type=\"container\" data-settings=\"{&quot;background_background&quot;:&quot;classic&quot;}\">\n\t\t<div class=\"elementor-element elementor-element-508773f0 e-flex e-con-boxed e-con e-child\" data-id=\"508773f0\" data-element_type=\"container\">\n\t\t\t\t\t<div class=\"e-con-inner\">\n\t\t\t\t<div class=\"elementor-element elementor-element-15b7196b elementor-widget elementor-widget-heading\" data-id=\"15b7196b\" data-element_type=\"widget\" data-widget_type=\"heading.default\">\n\t\t\t\t<div class=\"elementor-widget-container\">\n\t\t\t\t\t<h2 class=\"elementor-heading-title elementor-size-default\">Kdo pro V\u00e1s bude va\u0159it<\/h2>\t\t\t\t<\/div>\n\t\t\t\t<\/div>\n\t\t\t\t\t<\/div>\n\t\t\t\t<\/div>\n\t\t<div class=\"elementor-element elementor-element-114f0e98 e-con-full e-flex e-con e-child\" data-id=\"114f0e98\" data-element_type=\"container\">\n\t\t\t\t<div class=\"elementor-element elementor-element-1b1a74c elementor-widget__width-initial elementor-widget-tablet__width-initial elementor-widget-mobile__width-inherit elementor-cta--skin-classic elementor-animated-content elementor-invisible elementor-widget elementor-widget-call-to-action\" data-id=\"1b1a74c\" data-element_type=\"widget\" data-settings=\"{&quot;_animation&quot;:&quot;fadeInUp&quot;}\" data-widget_type=\"call-to-action.default\">\n\t\t\t\t<div class=\"elementor-widget-container\">\n\t\t\t\t\t\t\t<div class=\"elementor-cta\">\n\t\t\t\t\t<div class=\"elementor-cta__bg-wrapper\">\n\t\t\t\t<div class=\"elementor-cta__bg elementor-bg\" style=\"background-image: url(https:\/\/restauraceujakuba.cz\/wp-content\/uploads\/2025\/01\/img-2.webp);\" role=\"img\" aria-label=\"img-2\"><\/div>\n\t\t\t\t<div class=\"elementor-cta__bg-overlay\"><\/div>\n\t\t\t<\/div>\n\t\t\t\t\t\t\t<div class=\"elementor-cta__content\">\n\t\t\t\t\n\t\t\t\t\t\t\t\t\t<span class=\"elementor-cta__title elementor-cta__content-item elementor-content-item\">\n\t\t\t\t\t\tAlice Capsey\t\t\t\t\t<\/span>\n\t\t\t\t\n\t\t\t\t\t\t\t\t\t<div class=\"elementor-cta__description elementor-cta__content-item elementor-content-item\">\n\t\t\t\t\t\tMana\u017eerka\t\t\t\t\t<\/div>\n\t\t\t\t\n\t\t\t\t\t\t\t<\/div>\n\t\t\t\t\t\t<\/div>\n\t\t\t\t\t\t<\/div>\n\t\t\t\t<\/div>\n\t\t\t\t<div class=\"elementor-element elementor-element-38a0a99a elementor-widget__width-initial elementor-widget-tablet__width-initial elementor-widget-mobile__width-inherit elementor-cta--skin-classic elementor-animated-content elementor-invisible elementor-widget elementor-widget-call-to-action\" data-id=\"38a0a99a\" data-element_type=\"widget\" data-settings=\"{&quot;_animation&quot;:&quot;fadeInUp&quot;}\" data-widget_type=\"call-to-action.default\">\n\t\t\t\t<div class=\"elementor-widget-container\">\n\t\t\t\t\t\t\t<div class=\"elementor-cta\">\n\t\t\t\t\t<div class=\"elementor-cta__bg-wrapper\">\n\t\t\t\t<div class=\"elementor-cta__bg elementor-bg\" style=\"background-image: url(https:\/\/restauraceujakuba.cz\/wp-content\/uploads\/2025\/01\/img-1.webp);\" role=\"img\" aria-label=\"img-1\"><\/div>\n\t\t\t\t<div class=\"elementor-cta__bg-overlay\"><\/div>\n\t\t\t<\/div>\n\t\t\t\t\t\t\t<div class=\"elementor-cta__content\">\n\t\t\t\t\n\t\t\t\t\t\t\t\t\t<span class=\"elementor-cta__title elementor-cta__content-item elementor-content-item\">\n\t\t\t\t\t\tDanni Wyatt\t\t\t\t\t<\/span>\n\t\t\t\t\n\t\t\t\t\t\t\t\t\t<div class=\"elementor-cta__description elementor-cta__content-item elementor-content-item\">\n\t\t\t\t\t\tZakladatelka\t\t\t\t\t<\/div>\n\t\t\t\t\n\t\t\t\t\t\t\t<\/div>\n\t\t\t\t\t\t<\/div>\n\t\t\t\t\t\t<\/div>\n\t\t\t\t<\/div>\n\t\t\t\t<div class=\"elementor-element elementor-element-35cfaf3d elementor-widget__width-initial elementor-widget-tablet__width-initial elementor-widget-mobile__width-inherit elementor-cta--skin-classic elementor-animated-content elementor-invisible elementor-widget elementor-widget-call-to-action\" data-id=\"35cfaf3d\" data-element_type=\"widget\" data-settings=\"{&quot;_animation&quot;:&quot;fadeInUp&quot;}\" data-widget_type=\"call-to-action.default\">\n\t\t\t\t<div class=\"elementor-widget-container\">\n\t\t\t\t\t\t\t<div class=\"elementor-cta\">\n\t\t\t\t\t<div class=\"elementor-cta__bg-wrapper\">\n\t\t\t\t<div class=\"elementor-cta__bg elementor-bg\" style=\"background-image: url(https:\/\/restauraceujakuba.cz\/wp-content\/uploads\/2025\/01\/img-3.webp);\" role=\"img\" aria-label=\"img-3\"><\/div>\n\t\t\t\t<div class=\"elementor-cta__bg-overlay\"><\/div>\n\t\t\t<\/div>\n\t\t\t\t\t\t\t<div class=\"elementor-cta__content\">\n\t\t\t\t\n\t\t\t\t\t\t\t\t\t<span class=\"elementor-cta__title elementor-cta__content-item elementor-content-item\">\n\t\t\t\t\t\tJoe Root\t\t\t\t\t<\/span>\n\t\t\t\t\n\t\t\t\t\t\t\t\t\t<div class=\"elementor-cta__description elementor-cta__content-item elementor-content-item\">\n\t\t\t\t\t\tFinan\u010dn\u00ed mana\u017eer\t\t\t\t\t<\/div>\n\t\t\t\t\n\t\t\t\t\t\t\t<\/div>\n\t\t\t\t\t\t<\/div>\n\t\t\t\t\t\t<\/div>\n\t\t\t\t<\/div>\n\t\t\t\t<div class=\"elementor-element elementor-element-75243745 elementor-widget__width-initial elementor-widget-tablet__width-initial elementor-widget-mobile__width-inherit elementor-cta--skin-classic elementor-animated-content elementor-invisible elementor-widget elementor-widget-call-to-action\" data-id=\"75243745\" data-element_type=\"widget\" data-settings=\"{&quot;_animation&quot;:&quot;fadeInUp&quot;}\" data-widget_type=\"call-to-action.default\">\n\t\t\t\t<div class=\"elementor-widget-container\">\n\t\t\t\t\t\t\t<div class=\"elementor-cta\">\n\t\t\t\t\t<div class=\"elementor-cta__bg-wrapper\">\n\t\t\t\t<div class=\"elementor-cta__bg elementor-bg\" style=\"background-image: url(https:\/\/restauraceujakuba.cz\/wp-content\/uploads\/2025\/01\/img-5.webp);\" role=\"img\" aria-label=\"img-5\"><\/div>\n\t\t\t\t<div class=\"elementor-cta__bg-overlay\"><\/div>\n\t\t\t<\/div>\n\t\t\t\t\t\t\t<div class=\"elementor-cta__content\">\n\t\t\t\t\n\t\t\t\t\t\t\t\t\t<span class=\"elementor-cta__title elementor-cta__content-item elementor-content-item\">\n\t\t\t\t\t\tHerry Brook\t\t\t\t\t<\/span>\n\t\t\t\t\n\t\t\t\t\t\t\t\t\t<div class=\"elementor-cta__description elementor-cta__content-item elementor-content-item\">\n\t\t\t\t\t\tKucha\u0159\t\t\t\t\t<\/div>\n\t\t\t\t\n\t\t\t\t\t\t\t<\/div>\n\t\t\t\t\t\t<\/div>\n\t\t\t\t\t\t<\/div>\n\t\t\t\t<\/div>\n\t\t\t\t<\/div>\n\t\t\t\t<\/div>\n\t\t\t\t<\/div>\n\t\t","protected":false},"excerpt":{"rendered":"<p>Rozvoz A\u0165 u\u017e v\u00e1m okolnosti neumo\u017e\u0148uj\u00ed n\u00e1s nav\u0161t\u00edvit osobn\u011b nebo pot\u0159ebujete zajistit ob\u010derstven\u00ed pro obchodn\u00ed partnery (nebo se v\u00e1m prost\u011b jen nechce va\u0159it) r\u00e1di v\u00e1m dovezeme vybran\u00e9 j\u00eddlo a\u017e dom\u016f nebo do firmy po cel\u00fd t\u00fdden v dob\u011b od 11:00 do 20:00 Podm\u00ednky rozvozu J\u00eddlo objedn\u00e1vejte telefonicky na \u010d\u00edslech\u00a0+ 420 313 105 355,\u00a0+ 420 721 [&hellip;]<\/p>\n","protected":false},"author":2,"featured_media":0,"parent":0,"menu_order":0,"comment_status":"closed","ping_status":"closed","template":"","meta":{"footnotes":""},"class_list":["post-125","page","type-page","status-publish","hentry"],"_links":{"self":[{"href":"https:\/\/restauraceujakuba.cz\/index.php?rest_route=\/wp\/v2\/pages\/125","targetHints":{"allow":["GET"]}}],"collection":[{"href":"https:\/\/restauraceujakuba.cz\/index.php?rest_route=\/wp\/v2\/pages"}],"about":[{"href":"https:\/\/restauraceujakuba.cz\/index.php?rest_route=\/wp\/v2\/types\/page"}],"author":[{"embeddable":true,"href":"https:\/\/restauraceujakuba.cz\/index.php?rest_route=\/wp\/v2\/users\/2"}],"replies":[{"embeddable":true,"href":"https:\/\/restauraceujakuba.cz\/index.php?rest_route=%2Fwp%2Fv2%2Fcomments&post=125"}],"version-history":[{"count":16,"href":"https:\/\/restauraceujakuba.cz\/index.php?rest_route=\/wp\/v2\/pages\/125\/revisions"}],"predecessor-version":[{"id":529,"href":"https:\/\/restauraceujakuba.cz\/index.php?rest_route=\/wp\/v2\/pages\/125\/revisions\/529"}],"wp:attachment":[{"href":"https:\/\/restauraceujakuba.cz\/index.php?rest_route=%2Fwp%2Fv2%2Fmedia&parent=125"}],"curies":[{"name":"wp","href":"https:\/\/api.w.org\/{rel}","templated":true}]}}