{"id":212,"date":"2025-01-24T06:58:08","date_gmt":"2025-01-24T06:58:08","guid":{"rendered":"https:\/\/staging.restauraceujakuba.cz\/?page_id=212"},"modified":"2026-04-08T09:07:52","modified_gmt":"2026-04-08T09:07:52","slug":"vikendova-nabidka","status":"publish","type":"page","link":"https:\/\/restauraceujakuba.cz\/?page_id=212","title":{"rendered":"V\u00edkendov\u00e1 nab\u00eddka"},"content":{"rendered":"\t\t<div data-elementor-type=\"wp-page\" data-elementor-id=\"212\" class=\"elementor elementor-212\" data-elementor-post-type=\"page\">\n\t\t\t\t<div class=\"elementor-element elementor-element-557b9937 e-flex e-con-boxed e-con e-parent\" data-id=\"557b9937\" data-element_type=\"container\" data-settings=\"{&quot;background_background&quot;:&quot;classic&quot;}\">\n\t\t\t\t\t<div class=\"e-con-inner\">\n\t\t\t\t<div class=\"elementor-element elementor-element-79df4e97 elementor-widget elementor-widget-heading\" data-id=\"79df4e97\" data-element_type=\"widget\" data-widget_type=\"heading.default\">\n\t\t\t\t<div class=\"elementor-widget-container\">\n\t\t\t\t\t<h1 class=\"elementor-heading-title elementor-size-default\">V\u00edkendov\u00e1 nab\u00eddka<\/h1>\t\t\t\t<\/div>\n\t\t\t\t<\/div>\n\t\t\t\t\t<\/div>\n\t\t\t\t<\/div>\n\t\t<div class=\"elementor-element elementor-element-dce610e e-flex e-con-boxed e-con e-parent\" data-id=\"dce610e\" data-element_type=\"container\">\n\t\t\t\t\t<div class=\"e-con-inner\">\n\t\t\t\t<div class=\"elementor-element elementor-element-8850c9c elementor-widget elementor-widget-text-editor\" data-id=\"8850c9c\" data-element_type=\"widget\" data-widget_type=\"text-editor.default\">\n\t\t\t\t<div class=\"elementor-widget-container\">\n\t\t\t\t\t\t\t\t\t<p>Fazolov\u00e1 pol\u00e9vka s hov\u011bz\u00edm masem\u00a0 \u00a0 \u00a0 \u00a0 \u00a0 69,-<\/p><p>Mix gril suvlaki, \u0159eck\u00fd sal\u00e1tek, tzatziki a pita chleba\u00a0 \u00a0 \u00a0 \u00a0279,-<\/p><p>\u00a0<\/p>\t\t\t\t\t\t\t\t<\/div>\n\t\t\t\t<\/div>\n\t\t\t\t\t<\/div>\n\t\t\t\t<\/div>\n\t\t\t\t<\/div>\n\t\t","protected":false},"excerpt":{"rendered":"<p>V\u00edkendov\u00e1 nab\u00eddka Fazolov\u00e1 pol\u00e9vka s hov\u011bz\u00edm masem\u00a0 \u00a0 \u00a0 \u00a0 \u00a0 69,- Mix gril suvlaki, \u0159eck\u00fd sal\u00e1tek, tzatziki a pita chleba\u00a0 \u00a0 \u00a0 \u00a0279,- \u00a0<\/p>\n","protected":false},"author":2,"featured_media":0,"parent":0,"menu_order":0,"comment_status":"closed","ping_status":"closed","template":"","meta":{"footnotes":""},"class_list":["post-212","page","type-page","status-publish","hentry"],"_links":{"self":[{"href":"https:\/\/restauraceujakuba.cz\/index.php?rest_route=\/wp\/v2\/pages\/212","targetHints":{"allow":["GET"]}}],"collection":[{"href":"https:\/\/restauraceujakuba.cz\/index.php?rest_route=\/wp\/v2\/pages"}],"about":[{"href":"https:\/\/restauraceujakuba.cz\/index.php?rest_route=\/wp\/v2\/types\/page"}],"author":[{"embeddable":true,"href":"https:\/\/restauraceujakuba.cz\/index.php?rest_route=\/wp\/v2\/users\/2"}],"replies":[{"embeddable":true,"href":"https:\/\/restauraceujakuba.cz\/index.php?rest_route=%2Fwp%2Fv2%2Fcomments&post=212"}],"version-history":[{"count":196,"href":"https:\/\/restauraceujakuba.cz\/index.php?rest_route=\/wp\/v2\/pages\/212\/revisions"}],"predecessor-version":[{"id":758,"href":"https:\/\/restauraceujakuba.cz\/index.php?rest_route=\/wp\/v2\/pages\/212\/revisions\/758"}],"wp:attachment":[{"href":"https:\/\/restauraceujakuba.cz\/index.php?rest_route=%2Fwp%2Fv2%2Fmedia&parent=212"}],"curies":[{"name":"wp","href":"https:\/\/api.w.org\/{rel}","templated":true}]}}