{"id":417,"date":"2025-03-13T15:44:37","date_gmt":"2025-03-13T15:44:37","guid":{"rendered":"https:\/\/restauraceujakuba.cz\/?page_id=417"},"modified":"2025-03-18T14:37:32","modified_gmt":"2025-03-18T14:37:32","slug":"nabidka-pro-firmy","status":"publish","type":"page","link":"https:\/\/restauraceujakuba.cz\/?page_id=417","title":{"rendered":"Nab\u00eddka pro firmy"},"content":{"rendered":"\t\t<div data-elementor-type=\"wp-page\" data-elementor-id=\"417\" class=\"elementor elementor-417\" data-elementor-post-type=\"page\">\n\t\t\t\t<div class=\"elementor-element elementor-element-562f3ea e-con-full e-flex e-con e-child\" data-id=\"562f3ea\" data-element_type=\"container\">\n\t\t<div class=\"elementor-element elementor-element-d7adcd8 e-flex e-con-boxed e-con e-child\" data-id=\"d7adcd8\" data-element_type=\"container\">\n\t\t\t\t\t<div class=\"e-con-inner\">\n\t\t\t\t<div class=\"elementor-element elementor-element-d389f25 elementor-widget__width-inherit elementor-widget elementor-widget-heading\" data-id=\"d389f25\" data-element_type=\"widget\" data-widget_type=\"heading.default\">\n\t\t\t\t<div class=\"elementor-widget-container\">\n\t\t\t\t\t<h2 class=\"elementor-heading-title elementor-size-default\">Firemn\u00ed stravov\u00e1n\u00ed<\/h2>\t\t\t\t<\/div>\n\t\t\t\t<\/div>\n\t\t\t\t<div class=\"elementor-element elementor-element-c221608 elementor-widget elementor-widget-text-editor\" data-id=\"c221608\" data-element_type=\"widget\" data-widget_type=\"text-editor.default\">\n\t\t\t\t<div class=\"elementor-widget-container\">\n\t\t\t\t\t\t\t\t\t<p>Dop\u0159ejte sv\u00fdm zam\u011bstnanc\u016fm kvalitn\u00ed a chutn\u00e9 j\u00eddlo ka\u017ed\u00fd den!<\/p>\t\t\t\t\t\t\t\t<\/div>\n\t\t\t\t<\/div>\n\t\t\t\t<div class=\"elementor-element elementor-element-e7db7e8 elementor-widget elementor-widget-text-editor\" data-id=\"e7db7e8\" data-element_type=\"widget\" data-widget_type=\"text-editor.default\">\n\t\t\t\t<div class=\"elementor-widget-container\">\n\t\t\t\t\t\t\t\t\t<hr \/><p><strong>Pro\u010d si vybrat n\u00e1s?<\/strong><\/p>\t\t\t\t\t\t\t\t<\/div>\n\t\t\t\t<\/div>\n\t\t\t\t<div class=\"elementor-element elementor-element-270e445 elementor-widget elementor-widget-text-editor\" data-id=\"270e445\" data-element_type=\"widget\" data-widget_type=\"text-editor.default\">\n\t\t\t\t<div class=\"elementor-widget-container\">\n\t\t\t\t\t\t\t\t\t<p><strong>\u010cerstv\u00e1 a vyv\u00e1\u017een\u00e1 j\u00eddla<\/strong>\u00a0\u2013 Va\u0159\u00edme z kvalitn\u00edch surovin a db\u00e1me na vyv\u00e1\u017eenost.<\/p><p><strong>Rychl\u00e9 a pohodln\u00e9 objedn\u00e1n\u00ed<\/strong>\u00a0\u2013 Zam\u011bstnanci si objednaj\u00ed j\u00eddlo online a my se postar\u00e1me o zbytek.<\/p><p><strong>Flexibiln\u00ed doru\u010den\u00ed<\/strong>\u00a0\u2013 P\u0159ivezeme j\u00eddlo a\u017e k v\u00e1m, a\u0165 u\u017e jednou denn\u011b nebo podle va\u0161ich pot\u0159eb.<\/p><p><strong>J\u00eddla si m\u016f\u017eete objednat z na\u0161eho menu:<\/strong><\/p>\t\t\t\t\t\t\t\t<\/div>\n\t\t\t\t<\/div>\n\t\t\t\t<div class=\"elementor-element elementor-element-9e1954b elementor-align-center elementor-widget__width-initial e-transform elementor-widget elementor-widget-button\" data-id=\"9e1954b\" data-element_type=\"widget\" data-settings=\"{&quot;_transform_scale_effect_hover&quot;:{&quot;unit&quot;:&quot;px&quot;,&quot;size&quot;:1.1,&quot;sizes&quot;:[]},&quot;_transform_scale_effect_hover_tablet&quot;:{&quot;unit&quot;:&quot;px&quot;,&quot;size&quot;:&quot;&quot;,&quot;sizes&quot;:[]},&quot;_transform_scale_effect_hover_mobile&quot;:{&quot;unit&quot;:&quot;px&quot;,&quot;size&quot;:&quot;&quot;,&quot;sizes&quot;:[]}}\" data-widget_type=\"button.default\">\n\t\t\t\t<div class=\"elementor-widget-container\">\n\t\t\t\t\t\t\t\t\t<div class=\"elementor-button-wrapper\">\n\t\t\t\t\t<a class=\"elementor-button elementor-button-link elementor-size-lg\" href=\"https:\/\/restauraceujakuba.cz\/?page_id=115\">\n\t\t\t\t\t\t<span class=\"elementor-button-content-wrapper\">\n\t\t\t\t\t\t\t\t\t<span class=\"elementor-button-text\">T\u00fddenn\u00ed nab\u00eddka<\/span>\n\t\t\t\t\t<\/span>\n\t\t\t\t\t<\/a>\n\t\t\t\t<\/div>\n\t\t\t\t\t\t\t\t<\/div>\n\t\t\t\t<\/div>\n\t\t\t\t<div class=\"elementor-element elementor-element-8b9b155 elementor-widget elementor-widget-image\" data-id=\"8b9b155\" data-element_type=\"widget\" data-widget_type=\"image.default\">\n\t\t\t\t<div class=\"elementor-widget-container\">\n\t\t\t\t\t\t\t\t\t\t\t\t\t\t\t<img fetchpriority=\"high\" decoding=\"async\" width=\"800\" height=\"418\" src=\"https:\/\/restauraceujakuba.cz\/wp-content\/uploads\/2025\/03\/business-meeting-1024x535.jpg\" class=\"attachment-large size-large wp-image-425\" alt=\"\" srcset=\"https:\/\/restauraceujakuba.cz\/wp-content\/uploads\/2025\/03\/business-meeting-1024x535.jpg 1024w, https:\/\/restauraceujakuba.cz\/wp-content\/uploads\/2025\/03\/business-meeting-300x157.jpg 300w, https:\/\/restauraceujakuba.cz\/wp-content\/uploads\/2025\/03\/business-meeting-768x401.jpg 768w, https:\/\/restauraceujakuba.cz\/wp-content\/uploads\/2025\/03\/business-meeting.jpg 1200w\" sizes=\"(max-width: 800px) 100vw, 800px\" \/>\t\t\t\t\t\t\t\t\t\t\t\t\t\t\t<\/div>\n\t\t\t\t<\/div>\n\t\t<div class=\"elementor-element elementor-element-cf311e3 e-con-full e-flex e-con e-child\" data-id=\"cf311e3\" data-element_type=\"container\">\n\t\t\t\t<div class=\"elementor-element elementor-element-7794b0c elementor-widget__width-inherit elementor-widget elementor-widget-heading\" data-id=\"7794b0c\" data-element_type=\"widget\" data-widget_type=\"heading.default\">\n\t\t\t\t<div class=\"elementor-widget-container\">\n\t\t\t\t\t<h2 class=\"elementor-heading-title elementor-size-default\">Syst\u00e9m Moje Kant\u00fdna zdarma<\/h2>\t\t\t\t<\/div>\n\t\t\t\t<\/div>\n\t\t\t\t<div class=\"elementor-element elementor-element-377f911 elementor-widget elementor-widget-text-editor\" data-id=\"377f911\" data-element_type=\"widget\" data-widget_type=\"text-editor.default\">\n\t\t\t\t<div class=\"elementor-widget-container\">\n\t\t\t\t\t\t\t\t\t<p>Objedn\u00e1v\u00e1n\u00ed j\u00eddla nebylo nikdy jednodu\u0161\u0161\u00ed!<\/p><p>Pokud za\u010dnete odeb\u00edrat j\u00eddla od n\u00e1s, z\u00edsk\u00e1te p\u0159\u00edstup k syst\u00e9mu <strong>Moje Kant\u00fdna<\/strong>\u00a0zcela <strong>zdarma<\/strong>.<\/p><p>D\u00edky n\u011bmu mohou va\u0161i zam\u011bstnanci:<\/p><p><strong style=\"background-color: transparent; color: var( --e-global-color-text ); font-family: var( --e-global-typography-text-font-family ), Sans-serif;\">Snadno objedn\u00e1vat j\u00eddla na cel\u00fd t\u00fdden<\/strong><\/p><p><strong style=\"background-color: transparent; color: var( --e-global-color-text ); font-family: var( --e-global-typography-text-font-family ), Sans-serif;\">M\u00edt p\u0159ehled o sv\u00fdch <\/strong><strong style=\"background-color: transparent; color: var( --e-global-color-text ); font-family: var( --e-global-typography-text-font-family ), Sans-serif;\">objedn\u00e1vk\u00e1ch<\/strong><\/p><p><strong style=\"background-color: transparent; color: var( --e-global-color-text ); font-family: var( --e-global-typography-text-font-family ), Sans-serif;\">M\u00e1te p\u0159ehled o sv\u00fdch objedn\u00e1vk\u00e1ch<\/strong><\/p>\t\t\t\t\t\t\t\t<\/div>\n\t\t\t\t<\/div>\n\t\t\t\t<div class=\"elementor-element elementor-element-899b8b9 elementor-widget elementor-widget-text-editor\" data-id=\"899b8b9\" data-element_type=\"widget\" data-widget_type=\"text-editor.default\">\n\t\t\t\t<div class=\"elementor-widget-container\">\n\t\t\t\t\t\t\t\t\t<hr \/><p><strong>Jak to funguje?<\/strong><\/p>\t\t\t\t\t\t\t\t<\/div>\n\t\t\t\t<\/div>\n\t\t\t\t<div class=\"elementor-element elementor-element-f427260 elementor-widget elementor-widget-text-editor\" data-id=\"f427260\" data-element_type=\"widget\" data-widget_type=\"text-editor.default\">\n\t\t\t\t<div class=\"elementor-widget-container\">\n\t\t\t\t\t\t\t\t\t<p>Kontaktujte n\u00e1s a domluv\u00edme detaily spolupr\u00e1ce.<br \/>Va\u0161i zam\u011bstnanci z\u00edskaj\u00ed p\u0159\u00edstup do syst\u00e9mu Moje Kant\u00fdna.<br \/>Ka\u017ed\u00fd den jim doru\u010d\u00edme chutn\u00e9 a \u010derstv\u00e9 j\u00eddlo p\u0159\u00edmo do firmy.<\/p><p><strong>Kontaktujte n\u00e1s a r\u00e1di v\u00e1m p\u0159iprav\u00edme nab\u00eddku na m\u00edru!<\/strong><\/p>\t\t\t\t\t\t\t\t<\/div>\n\t\t\t\t<\/div>\n\t\t\t\t<\/div>\n\t\t\t\t\t<\/div>\n\t\t\t\t<\/div>\n\t\t\t\t<\/div>\n\t\t\t\t<\/div>\n\t\t","protected":false},"excerpt":{"rendered":"<p>Firemn\u00ed stravov\u00e1n\u00ed Dop\u0159ejte sv\u00fdm zam\u011bstnanc\u016fm kvalitn\u00ed a chutn\u00e9 j\u00eddlo ka\u017ed\u00fd den! Pro\u010d si vybrat n\u00e1s? \u010cerstv\u00e1 a vyv\u00e1\u017een\u00e1 j\u00eddla\u00a0\u2013 Va\u0159\u00edme z kvalitn\u00edch surovin a db\u00e1me na vyv\u00e1\u017eenost. Rychl\u00e9 a pohodln\u00e9 objedn\u00e1n\u00ed\u00a0\u2013 Zam\u011bstnanci si objednaj\u00ed j\u00eddlo online a my se postar\u00e1me o zbytek. Flexibiln\u00ed doru\u010den\u00ed\u00a0\u2013 P\u0159ivezeme j\u00eddlo a\u017e k v\u00e1m, a\u0165 u\u017e jednou denn\u011b nebo podle [&hellip;]<\/p>\n","protected":false},"author":6,"featured_media":0,"parent":0,"menu_order":0,"comment_status":"closed","ping_status":"closed","template":"","meta":{"footnotes":""},"class_list":["post-417","page","type-page","status-publish","hentry"],"_links":{"self":[{"href":"https:\/\/restauraceujakuba.cz\/index.php?rest_route=\/wp\/v2\/pages\/417","targetHints":{"allow":["GET"]}}],"collection":[{"href":"https:\/\/restauraceujakuba.cz\/index.php?rest_route=\/wp\/v2\/pages"}],"about":[{"href":"https:\/\/restauraceujakuba.cz\/index.php?rest_route=\/wp\/v2\/types\/page"}],"author":[{"embeddable":true,"href":"https:\/\/restauraceujakuba.cz\/index.php?rest_route=\/wp\/v2\/users\/6"}],"replies":[{"embeddable":true,"href":"https:\/\/restauraceujakuba.cz\/index.php?rest_route=%2Fwp%2Fv2%2Fcomments&post=417"}],"version-history":[{"count":39,"href":"https:\/\/restauraceujakuba.cz\/index.php?rest_route=\/wp\/v2\/pages\/417\/revisions"}],"predecessor-version":[{"id":476,"href":"https:\/\/restauraceujakuba.cz\/index.php?rest_route=\/wp\/v2\/pages\/417\/revisions\/476"}],"wp:attachment":[{"href":"https:\/\/restauraceujakuba.cz\/index.php?rest_route=%2Fwp%2Fv2%2Fmedia&parent=417"}],"curies":[{"name":"wp","href":"https:\/\/api.w.org\/{rel}","templated":true}]}}